{"id":4281,"date":"2025-12-27T14:39:21","date_gmt":"2025-12-27T14:39:21","guid":{"rendered":"https:\/\/casaiptv.store\/?page_id=4281"},"modified":"2025-12-27T14:40:35","modified_gmt":"2025-12-27T14:40:35","slug":"3-mois-1-connexions-vip","status":"publish","type":"page","link":"https:\/\/casaiptv.store\/fr_fr\/3-mois-1-connexions-vip\/","title":{"rendered":"3 Mois 1 Connexions VIP"},"content":{"rendered":"\t\t<div data-elementor-type=\"wp-page\" data-elementor-id=\"4281\" class=\"elementor elementor-4281\" data-elementor-post-type=\"page\">\n\t\t\t\t<div class=\"elementor-element elementor-element-a6c7ba2 e-flex e-con-boxed wpr-particle-no wpr-jarallax-no wpr-parallax-no wpr-sticky-section-no e-con e-parent\" data-id=\"a6c7ba2\" data-element_type=\"container\" data-settings=\"{&quot;background_background&quot;:&quot;classic&quot;}\">\n\t\t\t\t\t<div class=\"e-con-inner\">\n\t\t<div class=\"elementor-element elementor-element-af522a4 e-con-full e-flex wpr-particle-no wpr-jarallax-no wpr-parallax-no wpr-sticky-section-no e-con e-child\" data-id=\"af522a4\" data-element_type=\"container\">\n\t\t<div class=\"elementor-element elementor-element-af4e554 e-con-full e-flex wpr-particle-no wpr-jarallax-no wpr-parallax-no wpr-sticky-section-no e-con e-child\" data-id=\"af4e554\" data-element_type=\"container\" data-settings=\"{&quot;background_background&quot;:&quot;classic&quot;}\">\n\t\t\t\t<div class=\"elementor-element elementor-element-175d902 elementor-widget elementor-widget-image\" data-id=\"175d902\" data-element_type=\"widget\" data-widget_type=\"image.default\">\n\t\t\t\t\t\t\t\t\t\t\t\t\t\t\t<img fetchpriority=\"high\" decoding=\"async\" width=\"784\" height=\"96\" src=\"https:\/\/casaiptv.store\/wp-content\/uploads\/2025\/12\/Checkout-l3ibat.webp\" class=\"attachment-full size-full wp-image-4151\" alt=\"\" srcset=\"https:\/\/casaiptv.store\/wp-content\/uploads\/2025\/12\/Checkout-l3ibat.webp 784w, https:\/\/casaiptv.store\/wp-content\/uploads\/2025\/12\/Checkout-l3ibat-300x37.webp 300w, https:\/\/casaiptv.store\/wp-content\/uploads\/2025\/12\/Checkout-l3ibat-768x94.webp 768w, https:\/\/casaiptv.store\/wp-content\/uploads\/2025\/12\/Checkout-l3ibat-600x73.webp 600w\" sizes=\"(max-width: 784px) 100vw, 784px\" \/>\t\t\t\t\t\t\t\t\t\t\t\t\t\t\t<\/div>\n\t\t\t\t<div class=\"elementor-element elementor-element-8c1b5e6 elementor-widget elementor-widget-heading\" data-id=\"8c1b5e6\" data-element_type=\"widget\" data-widget_type=\"heading.default\">\n\t\t\t\t\t<h2 class=\"elementor-heading-title elementor-size-default\">Confirm your subscription securely<\/h2>\t\t\t\t<\/div>\n\t\t\t\t<div class=\"elementor-element elementor-element-4407f1b fluent-form-widget-step-header-yes fluent-form-widget-step-progressbar-yes fluentform-widget-submit-button-custom elementor-widget elementor-widget-fluent-form-widget\" data-id=\"4407f1b\" data-element_type=\"widget\" data-widget_type=\"fluent-form-widget.default\">\n\t\t\t\t<div class=\"elementor-widget-container\">\n\t\t\t\t\t\n            <div class=\"fluentform-widget-wrapper fluentform-widget-align-default\">\n\n            \n            <div class='fluentform ff-default fluentform_wrapper_17 ffs_default_wrap'><form data-form_id=\"17\" id=\"fluentform_17\" class=\"frm-fluent-form fluent_form_17 ff-el-form-top ff_form_instance_17_1 ff-form-loading ffs_default\" data-form_instance=\"ff_form_instance_17_1\" method=\"POST\" ><fieldset  style=\"border: none!important;margin: 0!important;padding: 0!important;background-color: transparent!important;box-shadow: none!important;outline: none!important; min-inline-size: 100%;\">\n                    <legend class=\"ff_screen_reader_title\" style=\"display: block; margin: 0!important;padding: 0!important;height: 0!important;text-indent: -999999px;width: 0!important;overflow:hidden;\">3 Mois 1 Connexions VIP<\/legend><input type='hidden' name='__fluent_form_embded_post_id' value='4281' \/><input type=\"hidden\" id=\"_fluentform_17_fluentformnonce\" name=\"_fluentform_17_fluentformnonce\" value=\"956812e925\" \/><input type=\"hidden\" name=\"_wp_http_referer\" value=\"\/fr_fr\/wp-json\/wp\/v2\/pages\/4281\" \/><div class='ff-el-group'><div class=\"ff-el-input--label ff-el-is-required asterisk-right\"><label for='ff_17_email' id='label_ff_17_email' aria-label=\"E-mail\">E-mail<\/label><\/div><div class='ff-el-input--content'><input type=\"email\" name=\"email\" id=\"ff_17_email\" class=\"ff-el-form-control\" placeholder=\"Example@mail.com\" data-name=\"email\"  aria-invalid=\"false\" aria-required=true><\/div><\/div><div class='ff-el-group'><div class=\"ff-el-input--label ff-el-is-required asterisk-right\"><label for='ff_17_phone' id='label_ff_17_phone' aria-label=\"Num\u00e9ro de t\u00e9l\u00e9phone (WhatsApp pour une assistance en direct)\">Num\u00e9ro de t\u00e9l\u00e9phone (WhatsApp pour une assistance en direct)<\/label><\/div><div class='ff-el-input--content'><input name=\"phone\" class=\"ff-el-form-control ff-el-phone\" type=\"tel\" placeholder=\"Num\u00e9ro de portable\" data-name=\"phone\" id=\"ff_17_phone\" inputmode=\"tel\"  aria-invalid='false' aria-required=true><\/div><\/div><div class='ff-el-group'><div class=\"ff-el-input--label ff-el-is-required asterisk-right\"><label for='ff_17_input_text' id='label_ff_17_input_text' aria-label=\"Veuillez pr\u00e9ciser votre appareil (Firestick, Smart TV, box...).\">Veuillez pr\u00e9ciser votre appareil (Firestick, Smart TV, box...).<\/label><\/div><div class='ff-el-input--content'><input type=\"text\" name=\"input_text\" class=\"ff-el-form-control\" placeholder=\"(Firestick, Smart TV, box...)\" data-name=\"input_text\" id=\"ff_17_input_text\"  aria-invalid=\"false\" aria-required=true><\/div><\/div><div class='ff-el-group ff-text-center ff_submit_btn_wrapper'><button type=\"submit\" class=\"ff-btn ff-btn-submit ff-btn-md ff_btn_style\"  aria-label=\"Passer \u00e0 la caisse\">Passer \u00e0 la caisse<\/button><\/div><\/fieldset><\/form><div id='fluentform_17_errors' class='ff-errors-in-stack ff_form_instance_17_1 ff-form-loading_errors ff_form_instance_17_1_errors'><\/div><\/div>            <script type=\"text\/javascript\">\n                window.fluent_form_ff_form_instance_17_1 = {\"id\":\"17\",\"settings\":{\"layout\":{\"labelPlacement\":\"top\",\"asteriskPlacement\":\"asterisk-right\",\"helpMessagePlacement\":\"with_label\",\"errorMessagePlacement\":\"inline\",\"cssClassName\":\"\"},\"restrictions\":{\"denyEmptySubmission\":{\"enabled\":false}}},\"form_instance\":\"ff_form_instance_17_1\",\"form_id_selector\":\"fluentform_17\",\"rules\":{\"email\":{\"required\":{\"value\":true,\"message\":\"Ce champ est obligatoire\",\"global_message\":\"Ce champ est obligatoire\",\"global\":true},\"email\":{\"value\":true,\"message\":\"Ce champ doit contenir un e-mail valide\",\"global_message\":\"Ce champ doit contenir un e-mail valide\",\"global\":true}},\"phone\":{\"required\":{\"value\":true,\"global\":true,\"message\":\"Ce champ est obligatoire\",\"global_message\":\"Ce champ est obligatoire\"},\"valid_phone_number\":{\"value\":false,\"global\":true,\"message\":\"Le num\\u00e9ro de t\\u00e9l\\u00e9phone est invalide\",\"global_message\":\"Le num\\u00e9ro de t\\u00e9l\\u00e9phone est invalide\"}},\"input_text\":{\"required\":{\"value\":true,\"message\":\"Ce champ est obligatoire\",\"global_message\":\"Ce champ est obligatoire\",\"global\":true}}},\"debounce_time\":300};\n                            <\/script>\n                        <\/div>\n\n            \t\t\t\t<\/div>\n\t\t\t\t<\/div>\n\t\t\t\t<div class=\"elementor-element elementor-element-b655f2f elementor-widget elementor-widget-image\" data-id=\"b655f2f\" data-element_type=\"widget\" data-widget_type=\"image.default\">\n\t\t\t\t\t\t\t\t\t\t\t\t\t\t\t<img decoding=\"async\" width=\"300\" height=\"67\" src=\"https:\/\/casaiptv.store\/wp-content\/uploads\/2025\/12\/secure-payment-subscripx-1-300x67.webp\" class=\"attachment-medium size-medium wp-image-4152\" alt=\"\" srcset=\"https:\/\/casaiptv.store\/wp-content\/uploads\/2025\/12\/secure-payment-subscripx-1-300x67.webp 300w, https:\/\/casaiptv.store\/wp-content\/uploads\/2025\/12\/secure-payment-subscripx-1.webp 404w\" sizes=\"(max-width: 300px) 100vw, 300px\" \/>\t\t\t\t\t\t\t\t\t\t\t\t\t\t\t<\/div>\n\t\t\t\t<\/div>\n\t\t\t\t<\/div>\n\t\t\t\t\t<\/div>\n\t\t\t\t<\/div>\n\t\t<div class=\"elementor-element elementor-element-0a8e6b6 e-flex e-con-boxed wpr-particle-no wpr-jarallax-no wpr-parallax-no wpr-sticky-section-no e-con e-parent\" data-id=\"0a8e6b6\" data-element_type=\"container\">\n\t\t\t\t\t<div class=\"e-con-inner\">\n\t\t\t\t<div class=\"elementor-element elementor-element-cee3d35 content-align-cta-center elementor-widget elementor-widget-eael-cta-box\" data-id=\"cee3d35\" data-element_type=\"widget\" data-widget_type=\"eael-cta-box.default\">\n\t\t\t\t\t\t\t<div class=\"eael-call-to-action cta-basic bg-lite cta-preset-1\">\n        <h2 class=\"title eael-cta-heading\">Besoin d'aide ?<\/h2><p>Notre service d'assistance est disponible 24h\/24 et 7j\/7 pour recevoir votre demande et vous aider \u00e0 r\u00e9soudre tous vos probl\u00e8mes et \u00e0 r\u00e9pondre \u00e0 toutes vos questions.<\/p><a href=\"https:\/\/api.whatsapp.com\/send\/?phone=447832398072&#038;text=Bonjour+Casa+IPTV+%EF%BF%BDJe+suis+pr%C3%AAt+%C3%A0+m%27abonner%2C+mais+j%27aurais+besoin+de+quelques+informations+avant+de+finaliser+ma+commande.Pouvez-vous+m%27aider+%C3%A0+d%C3%A9marrer+%3F&#038;type=phone_number&#038;app_absent=0\" class=\"cta-button cta-preset-1  \" target=\"_blank\" rel=\"noopener\">Contactez-nous<\/a>\t<\/div>\n\t\t\t\t\t\t\t\t<\/div>\n\t\t\t\t\t<\/div>\n\t\t\t\t<\/div>\n\t\t\t\t<\/div>\n\t\t","protected":false},"excerpt":{"rendered":"<p>Confirm your subscription securely 3 Mois 1 Connexions VIP E-mailNum\u00e9ro de t\u00e9l\u00e9phone (WhatsApp pour une assistance en direct)Veuillez pr\u00e9ciser votre appareil (Firestick, Smart TV, box&#8230;).Passer \u00e0 la caisse Besoin d&rsquo;aide ? Notre service d&rsquo;assistance est disponible 24h\/24 et 7j\/7 pour recevoir votre demande et vous aider \u00e0 r\u00e9soudre tous vos probl\u00e8mes et \u00e0 r\u00e9pondre \u00e0 toutes vos questions. Contactez-nous<\/p>\n","protected":false},"author":1,"featured_media":0,"parent":0,"menu_order":0,"comment_status":"closed","ping_status":"closed","template":"","meta":{"_kad_post_transparent":"","_kad_post_title":"hide","_kad_post_layout":"fullwidth","_kad_post_sidebar_id":"","_kad_post_content_style":"unboxed","_kad_post_vertical_padding":"hide","_kad_post_feature":"hide","_kad_post_feature_position":"","_kad_post_header":false,"_kad_post_footer":false,"footnotes":""},"categories":[],"tags":[],"class_list":["post-4281","page","type-page","status-publish","hentry"],"jetpack_sharing_enabled":true,"_links":{"self":[{"href":"https:\/\/casaiptv.store\/fr_fr\/wp-json\/wp\/v2\/pages\/4281","targetHints":{"allow":["GET"]}}],"collection":[{"href":"https:\/\/casaiptv.store\/fr_fr\/wp-json\/wp\/v2\/pages"}],"about":[{"href":"https:\/\/casaiptv.store\/fr_fr\/wp-json\/wp\/v2\/types\/page"}],"author":[{"embeddable":true,"href":"https:\/\/casaiptv.store\/fr_fr\/wp-json\/wp\/v2\/users\/1"}],"replies":[{"embeddable":true,"href":"https:\/\/casaiptv.store\/fr_fr\/wp-json\/wp\/v2\/comments?post=4281"}],"version-history":[{"count":4,"href":"https:\/\/casaiptv.store\/fr_fr\/wp-json\/wp\/v2\/pages\/4281\/revisions"}],"predecessor-version":[{"id":4288,"href":"https:\/\/casaiptv.store\/fr_fr\/wp-json\/wp\/v2\/pages\/4281\/revisions\/4288"}],"wp:attachment":[{"href":"https:\/\/casaiptv.store\/fr_fr\/wp-json\/wp\/v2\/media?parent=4281"}],"wp:term":[{"taxonomy":"category","embeddable":true,"href":"https:\/\/casaiptv.store\/fr_fr\/wp-json\/wp\/v2\/categories?post=4281"},{"taxonomy":"post_tag","embeddable":true,"href":"https:\/\/casaiptv.store\/fr_fr\/wp-json\/wp\/v2\/tags?post=4281"}],"curies":[{"name":"wp","href":"https:\/\/api.w.org\/{rel}","templated":true}]}}