{"id":2,"date":"2025-08-25T15:46:35","date_gmt":"2025-08-25T15:46:35","guid":{"rendered":"https:\/\/www.iptvroof.com\/?page_id=2"},"modified":"2026-01-11T15:43:27","modified_gmt":"2026-01-11T15:43:27","slug":"terms-of-service","status":"publish","type":"page","link":"https:\/\/casaiptv.store\/en\/terms-of-service\/","title":{"rendered":"Terms of Service"},"content":{"rendered":"<h2 class=\"wp-block-heading\">Conditions G\u00e9n\u00e9rales d\u2019Utilisation du Site Web<\/h2>\n\n\n\n<h3 class=\"wp-block-heading\">1. Conditions<\/h3>\n\n\n\n<p>En acc\u00e9dant \u00e0 ce site web, accessible \u00e0 l\u2019adresse <strong><a href=\"https:\/\/casaiptv.store\/en\">https:\/\/casaiptv.store<\/a><\/strong>, vous acceptez d\u2019\u00eatre li\u00e9 par les pr\u00e9sentes <strong>Conditions G\u00e9n\u00e9rales d\u2019Utilisation<\/strong> et reconnaissez \u00eatre responsable du respect des lois locales applicables.<br>Si vous n\u2019acceptez pas l\u2019une de ces conditions, il vous est interdit d\u2019acc\u00e9der \u00e0 ce site ou de l\u2019utiliser.<br>Les contenus pr\u00e9sents sur ce site sont prot\u00e9g\u00e9s par les lois applicables en mati\u00e8re de droits d\u2019auteur et de marques d\u00e9pos\u00e9es.<\/p>\n\n\n\n<h3 class=\"wp-block-heading\">2. Licence d\u2019utilisation<\/h3>\n\n\n\n<p>L\u2019autorisation est accord\u00e9e de t\u00e9l\u00e9charger temporairement une copie des contenus du site CasaIPTV uniquement pour un usage personnel, non commercial et temporaire.<br>Il s\u2019agit de l\u2019octroi d\u2019une licence et non d\u2019un transfert de propri\u00e9t\u00e9. Dans le cadre de cette licence, vous ne pouvez pas :<\/p>\n\n\n\n<ul class=\"wp-block-list\">\n<li>modifier ou copier les contenus ;<\/li>\n\n\n\n<li>utiliser les contenus \u00e0 des fins commerciales ou pour toute pr\u00e9sentation publique (commerciale ou non commerciale) ;<\/li>\n\n\n\n<li>tenter de proc\u00e9der \u00e0 une ing\u00e9nierie inverse de tout logiciel contenu sur le site CasaIPTV ;<\/li>\n\n\n\n<li>supprimer toute mention de droit d\u2019auteur ou autre mention de propri\u00e9t\u00e9 figurant sur les contenus ;<\/li>\n\n\n\n<li>transf\u00e9rer les contenus \u00e0 une autre personne ou les reproduire (\u00ab miroir \u00bb) sur un autre serveur.<\/li>\n<\/ul>\n\n\n\n<p>CasaIPTV peut r\u00e9silier cette licence \u00e0 tout moment en cas de violation de l\u2019une de ces restrictions.<br>En cas de r\u00e9siliation, votre droit de consultation prendra \u00e9galement fin et vous devrez d\u00e9truire tout contenu t\u00e9l\u00e9charg\u00e9 en votre possession, qu\u2019il soit sous format \u00e9lectronique ou imprim\u00e9.<\/p>\n\n\n\n<h3 class=\"wp-block-heading\">3. Clause de non-responsabilit\u00e9<\/h3>\n\n\n\n<p>Tous les contenus du site CasaIPTV sont fournis <strong>\u00ab en l\u2019\u00e9tat \u00bb<\/strong>.<br>CasaIPTV ne fournit aucune garantie, expresse ou implicite, et d\u00e9cline par la pr\u00e9sente toute autre garantie.<br>En outre, CasaIPTV ne fait aucune d\u00e9claration quant \u00e0 l\u2019exactitude ou \u00e0 la fiabilit\u00e9 de l\u2019utilisation des contenus de son site web ou de tout contenu li\u00e9 \u00e0 celui-ci.<\/p>\n\n\n\n<h3 class=\"wp-block-heading\">4. Limitations de responsabilit\u00e9<\/h3>\n\n\n\n<p>Ni CasaIPTV ni ses fournisseurs ne pourront \u00eatre tenus responsables de tout dommage r\u00e9sultant de l\u2019utilisation ou de l\u2019impossibilit\u00e9 d\u2019utiliser les contenus du site CasaIPTV, m\u00eame si CasaIPTV ou un repr\u00e9sentant autoris\u00e9 a \u00e9t\u00e9 inform\u00e9 (oralement ou par \u00e9crit) de la possibilit\u00e9 de tels dommages.<br>Certaines juridictions n\u2019autorisent pas les limitations des garanties implicites ou de la responsabilit\u00e9 pour les dommages accessoires ; ces limitations peuvent donc ne pas s\u2019appliquer \u00e0 votre situation.<\/p>\n\n\n\n<h3 class=\"wp-block-heading\">5. R\u00e9visions et erreurs<\/h3>\n\n\n\n<p>Les contenus figurant sur le site CasaIPTV peuvent contenir des erreurs techniques, typographiques ou photographiques.<br>CasaIPTV ne garantit pas que les contenus de son site soient exacts, complets ou \u00e0 jour.<br>CasaIPTV peut modifier les contenus de son site \u00e0 tout moment et sans pr\u00e9avis, sans toutefois s\u2019engager \u00e0 les mettre \u00e0 jour.<\/p>\n\n\n\n<h3 class=\"wp-block-heading\">6. Liens externes<\/h3>\n\n\n\n<p>CasaIPTV n\u2019a pas examin\u00e9 l\u2019ensemble des sites li\u00e9s \u00e0 son site web et n\u2019est pas responsable du contenu de ces sites externes.<br>L\u2019inclusion d\u2019un lien n\u2019implique aucune approbation du site concern\u00e9 par CasaIPTV.<br>L\u2019utilisation de tout site web li\u00e9 se fait aux risques et p\u00e9rils de l\u2019utilisateur.<\/p>\n\n\n\n<h3 class=\"wp-block-heading\">7. Modifications des conditions d\u2019utilisation<\/h3>\n\n\n\n<p>CasaIPTV peut r\u00e9viser ces Conditions d\u2019Utilisation \u00e0 tout moment et sans pr\u00e9avis.<br>En utilisant ce site web, vous acceptez d\u2019\u00eatre li\u00e9 par la version en vigueur des pr\u00e9sentes Conditions G\u00e9n\u00e9rales d\u2019Utilisation.<\/p>\n\n\n\n<h3 class=\"wp-block-heading\">8. Confidentialit\u00e9<\/h3>\n\n\n\n<p>Veuillez consulter notre <strong>Politique de confidentialit\u00e9<\/strong> afin d\u2019obtenir des informations sur la collecte, l\u2019utilisation et la protection de vos donn\u00e9es personnelles.<\/p>\n\n\n\n<h3 class=\"wp-block-heading\">9. Droit applicable<\/h3>\n\n\n\n<p>Toute r\u00e9clamation relative au site web CasaIPTV sera r\u00e9gie par les lois de la <strong>Turquie<\/strong>, sans tenir compte des dispositions relatives aux conflits de lois.<\/p>\n\n\n\n<hr class=\"wp-block-separator has-alpha-channel-opacity\"\/>\n\n\n\n<h3 class=\"wp-block-heading\">\ud83c\udfac Profitez du streaming IPTV Premium<\/h3>\n\n\n\n<p>B\u00e9n\u00e9ficiez de l\u2019exp\u00e9rience IPTV 8K la plus fiable avec CasaIPTV.<br>Commencez \u00e0 regarder instantan\u00e9ment \u2014 sans mise en m\u00e9moire tampon, sans limites.<\/p>\n\n\n\n<p><a href=\"https:\/\/casaiptv.store\/en\/\">\ud83d\udc49 <strong>Voir les offres et les tarifs<\/strong><\/a><\/p>\n\n\n\n<p><\/p>","protected":false},"excerpt":{"rendered":"<p>Conditions G\u00e9n\u00e9rales d\u2019Utilisation du Site Web 1. Conditions En acc\u00e9dant \u00e0 ce site web, accessible \u00e0 l\u2019adresse https:\/\/casaiptv.store, vous acceptez d\u2019\u00eatre li\u00e9 par les pr\u00e9sentes Conditions G\u00e9n\u00e9rales d\u2019Utilisation et reconnaissez \u00eatre responsable du respect des lois locales applicables.Si vous n\u2019acceptez pas l\u2019une de ces conditions, il vous est interdit d\u2019acc\u00e9der \u00e0 ce site ou de l\u2019utiliser.Les contenus pr\u00e9sents sur ce site sont prot\u00e9g\u00e9s par les lois applicables en mati\u00e8re de droits d\u2019auteur et de marques d\u00e9pos\u00e9es. 2. Licence d\u2019utilisation L\u2019autorisation est accord\u00e9e de t\u00e9l\u00e9charger temporairement une copie des contenus du site CasaIPTV uniquement pour un usage personnel, non commercial et temporaire.Il s\u2019agit de l\u2019octroi d\u2019une licence et non d\u2019un transfert de propri\u00e9t\u00e9. Dans le cadre de cette licence, vous ne pouvez pas : CasaIPTV peut r\u00e9silier cette licence \u00e0 tout moment en cas de violation de l\u2019une de ces restrictions.En cas de r\u00e9siliation, votre droit de consultation prendra \u00e9galement fin et vous devrez d\u00e9truire tout contenu t\u00e9l\u00e9charg\u00e9 en votre possession, qu\u2019il soit sous format \u00e9lectronique ou imprim\u00e9. 3. Clause de non-responsabilit\u00e9 Tous les contenus du site CasaIPTV sont fournis \u00ab en l\u2019\u00e9tat \u00bb.CasaIPTV ne fournit aucune garantie, expresse ou implicite, et d\u00e9cline par la pr\u00e9sente toute autre garantie.En outre, CasaIPTV ne fait aucune d\u00e9claration quant \u00e0 l\u2019exactitude ou \u00e0 la fiabilit\u00e9 de l\u2019utilisation des contenus de son site web ou de tout contenu li\u00e9 \u00e0 celui-ci. 4. Limitations de responsabilit\u00e9 Ni CasaIPTV ni ses fournisseurs ne pourront \u00eatre tenus responsables de tout dommage r\u00e9sultant de l\u2019utilisation ou de l\u2019impossibilit\u00e9 d\u2019utiliser les contenus du site CasaIPTV, m\u00eame si CasaIPTV ou un repr\u00e9sentant autoris\u00e9 a \u00e9t\u00e9 inform\u00e9 (oralement ou par \u00e9crit) de la possibilit\u00e9 de tels dommages.Certaines juridictions n\u2019autorisent pas les limitations des garanties implicites ou de la responsabilit\u00e9 pour les dommages accessoires ; ces limitations peuvent donc ne pas s\u2019appliquer \u00e0 votre situation. 5. R\u00e9visions et erreurs Les contenus figurant sur le site CasaIPTV peuvent contenir des erreurs techniques, typographiques ou photographiques.CasaIPTV ne garantit pas que les contenus de son site soient exacts, complets ou \u00e0 jour.CasaIPTV peut modifier les contenus de son site \u00e0 tout moment et sans pr\u00e9avis, sans toutefois s\u2019engager \u00e0 les mettre \u00e0 jour. 6. Liens externes CasaIPTV n\u2019a pas examin\u00e9 l\u2019ensemble des sites li\u00e9s \u00e0 son site web et n\u2019est pas responsable du contenu de ces sites externes.L\u2019inclusion d\u2019un lien n\u2019implique aucune approbation du site concern\u00e9 par CasaIPTV.L\u2019utilisation de tout site web li\u00e9 se fait aux risques et p\u00e9rils de l\u2019utilisateur. 7. Modifications des conditions d\u2019utilisation CasaIPTV peut r\u00e9viser ces Conditions d\u2019Utilisation \u00e0 tout moment et sans pr\u00e9avis.En utilisant ce site web, vous acceptez d\u2019\u00eatre li\u00e9 par la version en vigueur des pr\u00e9sentes Conditions G\u00e9n\u00e9rales d\u2019Utilisation. 8. Confidentialit\u00e9 Veuillez consulter notre Politique de confidentialit\u00e9 afin d\u2019obtenir des informations sur la collecte, l\u2019utilisation et la protection de vos donn\u00e9es personnelles. 9. Droit applicable Toute r\u00e9clamation relative au site web CasaIPTV sera r\u00e9gie par les lois de la Turquie, sans tenir compte des dispositions relatives aux conflits de lois. \ud83c\udfac Profitez du streaming IPTV Premium B\u00e9n\u00e9ficiez de l\u2019exp\u00e9rience IPTV 8K la plus fiable avec CasaIPTV.Commencez \u00e0 regarder instantan\u00e9ment \u2014 sans mise en m\u00e9moire tampon, sans limites. \ud83d\udc49 Voir les offres et les tarifs<\/p>","protected":false},"author":1,"featured_media":0,"parent":0,"menu_order":0,"comment_status":"closed","ping_status":"open","template":"","meta":{"_kad_post_transparent":"","_kad_post_title":"","_kad_post_layout":"","_kad_post_sidebar_id":"","_kad_post_content_style":"","_kad_post_vertical_padding":"","_kad_post_feature":"","_kad_post_feature_position":"","_kad_post_header":false,"_kad_post_footer":false,"footnotes":""},"categories":[],"tags":[47,48,32,40,42,26,41,39],"class_list":["post-2","page","type-page","status-publish","hentry","tag-8k-player","tag-8k-vip","tag-casa-iptv","tag-cheap-price","tag-hot-iptv","tag-iptv","tag-provider-iptv","tag-reliable-service"],"jetpack_sharing_enabled":true,"_links":{"self":[{"href":"https:\/\/casaiptv.store\/en\/wp-json\/wp\/v2\/pages\/2","targetHints":{"allow":["GET"]}}],"collection":[{"href":"https:\/\/casaiptv.store\/en\/wp-json\/wp\/v2\/pages"}],"about":[{"href":"https:\/\/casaiptv.store\/en\/wp-json\/wp\/v2\/types\/page"}],"author":[{"embeddable":true,"href":"https:\/\/casaiptv.store\/en\/wp-json\/wp\/v2\/users\/1"}],"replies":[{"embeddable":true,"href":"https:\/\/casaiptv.store\/en\/wp-json\/wp\/v2\/comments?post=2"}],"version-history":[{"count":3,"href":"https:\/\/casaiptv.store\/en\/wp-json\/wp\/v2\/pages\/2\/revisions"}],"predecessor-version":[{"id":4771,"href":"https:\/\/casaiptv.store\/en\/wp-json\/wp\/v2\/pages\/2\/revisions\/4771"}],"wp:attachment":[{"href":"https:\/\/casaiptv.store\/en\/wp-json\/wp\/v2\/media?parent=2"}],"wp:term":[{"taxonomy":"category","embeddable":true,"href":"https:\/\/casaiptv.store\/en\/wp-json\/wp\/v2\/categories?post=2"},{"taxonomy":"post_tag","embeddable":true,"href":"https:\/\/casaiptv.store\/en\/wp-json\/wp\/v2\/tags?post=2"}],"curies":[{"name":"wp","href":"https:\/\/api.w.org\/{rel}","templated":true}]}}