{"id":2931,"date":"2025-11-04T16:58:36","date_gmt":"2025-11-04T16:58:36","guid":{"rendered":"https:\/\/casaiptv.store\/?page_id=2931"},"modified":"2026-01-11T15:40:32","modified_gmt":"2026-01-11T15:40:32","slug":"dmca","status":"publish","type":"page","link":"https:\/\/casaiptv.store\/de\/dmca\/","title":{"rendered":"DMCA"},"content":{"rendered":"<h2 class=\"wp-block-heading\">Politique DMCA<\/h2>\n\n\n\n<p>Chez <strong>CasaIPTV<\/strong>, nous prenons la protection des droits d\u2019auteur tr\u00e8s au s\u00e9rieux et nous nous conformons pleinement aux dispositions du <strong>Digital Millennium Copyright Act (DMCA)<\/strong>.<br>Nous nous engageons \u00e0 maintenir un environnement en ligne l\u00e9gal et respectueux pour tous les utilisateurs.<\/p>\n\n\n\n<p>Si vous estimez qu\u2019un contenu disponible sur notre site web porte atteinte \u00e0 vos droits d\u2019auteur, veuillez nous en informer en envoyant une <strong>notification DMCA d\u00e9taill\u00e9e<\/strong> \u00e0 l\u2019adresse e-mail indiqu\u00e9e ci-dessous.<\/p>\n\n\n\n<h3 class=\"wp-block-heading\">Votre notification DMCA doit inclure :<\/h3>\n\n\n\n<ul class=\"wp-block-list\">\n<li>Une description de l\u2019\u0153uvre prot\u00e9g\u00e9e par le droit d\u2019auteur que vous estimez avoir \u00e9t\u00e9 enfreinte.<\/li>\n\n\n\n<li>L\u2019URL exacte ou l\u2019emplacement pr\u00e9cis du contenu pr\u00e9tendument contrefaisant sur notre site web.<\/li>\n\n\n\n<li>Vos coordonn\u00e9es compl\u00e8tes, y compris votre nom, votre adresse e-mail et votre num\u00e9ro de t\u00e9l\u00e9phone.<\/li>\n\n\n\n<li>Une d\u00e9claration indiquant que vous avez la conviction de bonne foi que l\u2019utilisation contest\u00e9e du contenu n\u2019est pas autoris\u00e9e par le titulaire des droits d\u2019auteur, son repr\u00e9sentant ou la loi.<\/li>\n\n\n\n<li>Une d\u00e9claration, faite sous peine de parjure, attestant que les informations fournies dans votre notification sont exactes et que vous \u00eates le titulaire des droits d\u2019auteur ou autoris\u00e9 \u00e0 agir en son nom.<\/li>\n\n\n\n<li>Votre signature \u00e9lectronique ou manuscrite.<\/li>\n<\/ul>\n\n\n\n<p>D\u00e8s r\u00e9ception d\u2019une notification DMCA valide, <strong>CasaIPTV<\/strong> examinera rapidement la demande et prendra les mesures appropri\u00e9es, pouvant inclure la suppression ou la d\u00e9sactivation de l\u2019acc\u00e8s au contenu concern\u00e9.<\/p>\n\n\n\n<p>Nous respectons les droits des propri\u00e9taires de contenu et vous remercions de votre coop\u00e9ration afin de pr\u00e9server l\u2019int\u00e9grit\u00e9 de notre plateforme.<\/p>\n\n\n\n<h3 class=\"wp-block-heading\">Informations de contact<\/h3>\n\n\n\n<p>\ud83d\udce7 <strong>Email<\/strong> : <a>support@casaiptv.store<\/a><br>\ud83c\udf10 <strong>Site web<\/strong> : <a href=\"https:\/\/casaiptv.store\/de\">www.casaiptv.store<\/a><\/p>","protected":false},"excerpt":{"rendered":"<p>Politique DMCA Chez CasaIPTV, nous prenons la protection des droits d\u2019auteur tr\u00e8s au s\u00e9rieux et nous nous conformons pleinement aux dispositions du Digital Millennium Copyright Act (DMCA).Nous nous engageons \u00e0 maintenir un environnement en ligne l\u00e9gal et respectueux pour tous les utilisateurs. Si vous estimez qu\u2019un contenu disponible sur notre site web porte atteinte \u00e0 vos droits d\u2019auteur, veuillez nous en informer en envoyant une notification DMCA d\u00e9taill\u00e9e \u00e0 l\u2019adresse e-mail indiqu\u00e9e ci-dessous. Votre notification DMCA doit inclure : D\u00e8s r\u00e9ception d\u2019une notification DMCA valide, CasaIPTV examinera rapidement la demande et prendra les mesures appropri\u00e9es, pouvant inclure la suppression ou la d\u00e9sactivation de l\u2019acc\u00e8s au contenu concern\u00e9. Nous respectons les droits des propri\u00e9taires de contenu et vous remercions de votre coop\u00e9ration afin de pr\u00e9server l\u2019int\u00e9grit\u00e9 de notre plateforme. Informations de contact \ud83d\udce7 Email : support@casaiptv.store\ud83c\udf10 Site web : www.casaiptv.store<\/p>","protected":false},"author":1,"featured_media":0,"parent":0,"menu_order":0,"comment_status":"closed","ping_status":"closed","template":"","meta":{"_kad_post_transparent":"","_kad_post_title":"","_kad_post_layout":"","_kad_post_sidebar_id":"","_kad_post_content_style":"","_kad_post_vertical_padding":"","_kad_post_feature":"","_kad_post_feature_position":"","_kad_post_header":false,"_kad_post_footer":false,"footnotes":""},"categories":[],"tags":[47,48,32,40,42,26,41,39],"class_list":["post-2931","page","type-page","status-publish","hentry","tag-8k-player","tag-8k-vip","tag-casa-iptv","tag-cheap-price","tag-hot-iptv","tag-iptv","tag-provider-iptv","tag-reliable-service"],"jetpack_sharing_enabled":true,"_links":{"self":[{"href":"https:\/\/casaiptv.store\/de\/wp-json\/wp\/v2\/pages\/2931","targetHints":{"allow":["GET"]}}],"collection":[{"href":"https:\/\/casaiptv.store\/de\/wp-json\/wp\/v2\/pages"}],"about":[{"href":"https:\/\/casaiptv.store\/de\/wp-json\/wp\/v2\/types\/page"}],"author":[{"embeddable":true,"href":"https:\/\/casaiptv.store\/de\/wp-json\/wp\/v2\/users\/1"}],"replies":[{"embeddable":true,"href":"https:\/\/casaiptv.store\/de\/wp-json\/wp\/v2\/comments?post=2931"}],"version-history":[{"count":2,"href":"https:\/\/casaiptv.store\/de\/wp-json\/wp\/v2\/pages\/2931\/revisions"}],"predecessor-version":[{"id":4770,"href":"https:\/\/casaiptv.store\/de\/wp-json\/wp\/v2\/pages\/2931\/revisions\/4770"}],"wp:attachment":[{"href":"https:\/\/casaiptv.store\/de\/wp-json\/wp\/v2\/media?parent=2931"}],"wp:term":[{"taxonomy":"category","embeddable":true,"href":"https:\/\/casaiptv.store\/de\/wp-json\/wp\/v2\/categories?post=2931"},{"taxonomy":"post_tag","embeddable":true,"href":"https:\/\/casaiptv.store\/de\/wp-json\/wp\/v2\/tags?post=2931"}],"curies":[{"name":"wp","href":"https:\/\/api.w.org\/{rel}","templated":true}]}}